{"id":15,"date":"2015-11-24T22:08:00","date_gmt":"2015-11-24T21:08:00","guid":{"rendered":"http:\/\/www.kajtna.com\/it\/?page_id=15"},"modified":"2018-05-16T20:01:07","modified_gmt":"2018-05-16T18:01:07","slug":"isola-losinj","status":"publish","type":"page","link":"https:\/\/www.kajtna.com\/it\/isola-losinj\/","title":{"rendered":"Isola Lo\u0161inj"},"content":{"rendered":"<p>La perla delle isole dell&#8217;Adriatico<\/p>\n<p>L&#8217;isola di Lussino si trova nell&#8217;alto Adriatico, in un arcipelago dal mare cristallino, ricco di pesci e vita marina e nel quale si possono avvistare spesso i delfini che vivono in queste acque. \u00c8 possibile accedere al mare dalle spiagge rocciose o da quelle di sabbia. L&#8217;isola ha un piacevole clima mediterraneo, ideale per la cura delle malattie respiratorie e di quelle croniche.<br \/>\nL&#8217;isola \u00e8 coperta da una fitta vegetazione di conifere densi e da centinaia di erbe e spezie che contribuiscono a rendere piacevole il clima. I profumi, i sapori e le bellezze naturali di quest&#8217;isola magica vi conquisteranno. Vi suggeriamodi fare delle escursioni sull&#8217;isola e visitare \u2013 Ustrine, Lubenice, il Lago di Vrana ed altre citt\u00e0 d&#8217;interesse, come ad esempio Nerezine, Osor, Veli Lo\u0161inj. Per una gita indimenticabile potete salire sulla collina Osor\u0161\u0107ica \u2013 Televrin (589m), dalla quale si gode di una vista meravigliosa sulle isole vicine e sulla terraferma &#8211; Kornati, Unije, Susak, Ilovik, Pag, Rab, Krk e Istria. Per passare una giornata diversa potete visitare una delle isole. La vegetazione tipica, gli animali selvatici \u2013 il grifone, diverse speci di uccelli, il geco \u2013 l&#8217;affabilit\u00e0 degli abitanti, e le numerose possibilit\u00e0 di rilassarsi e praticare sport, rappresentano solo uno dei motivi per scappare dalla citt\u00e0 e trascorrere una vacanza nei nostri appartamenti, a Nerezine, sull&#8217;isola di Lussino. L&#8217;isola di Lussino \u00e8 il luogo ideale per rigenerare corpo e anima. Gli appartamenti si trovano in una zona tranquilla della cittadina di Nerezine, non lontana dal mare (300m) e dal centro, in cui sono presenti tutti i servizi necessari \u2013 bar, negozi, ufficio postale, ambulatorio, macelleria, parrucchiere, pescheria e panificio.<\/p>\n<p>Rilassatevi ascoltando il cinguettio degli uccelli e il rumore delle onde, all&#8217;ombra della pineta. Vi invitiamo a visitare l&#8217;isola della vitalit\u00e0 e a trascorrere le vostre vacanze nei nosti appartamenti a Nerezine.<\/p>\n<p>Da noi \u00e8 possibile anche noleggiare una barca di legno per andare a pescare o a nuotare.<\/p>\n<div id=\"metaslider-id-146\" style=\"max-width: 1200px;\" class=\"ml-slider-3-104-0 metaslider metaslider-nivo metaslider-146 ml-slider ms-theme-default\" role=\"region\" aria-label=\"Losinj\" data-height=\"500\" data-width=\"1200\">\n    <div id=\"metaslider_container_146\">\n        <div class='slider-wrapper theme-default'><div class='ribbon'><\/div><div id='metaslider_146' class='nivoSlider'><img loading=\"lazy\" decoding=\"async\" src=\"https:\/\/www.kajtna.com\/it\/wp-content\/uploads\/sites\/4\/2016\/10\/l1-1200x500.jpg\" height=\"500\" width=\"1200\" alt=\"\" class=\"slider-146 slide-91 msDefaultImage\" \/><img loading=\"lazy\" decoding=\"async\" src=\"https:\/\/www.kajtna.com\/it\/wp-content\/uploads\/sites\/4\/2016\/10\/l2-1024x426.jpg\" height=\"500\" width=\"1200\" alt=\"\" class=\"slider-146 slide-92 msDefaultImage\" \/><img loading=\"lazy\" decoding=\"async\" src=\"https:\/\/www.kajtna.com\/it\/wp-content\/uploads\/sites\/4\/2016\/10\/l3-1200x500.jpg\" height=\"500\" width=\"1200\" alt=\"\" class=\"slider-146 slide-93 msDefaultImage\" \/><img loading=\"lazy\" decoding=\"async\" src=\"https:\/\/www.kajtna.com\/it\/wp-content\/uploads\/sites\/4\/2016\/10\/l4-1024x426.jpg\" height=\"500\" width=\"1200\" alt=\"\" class=\"slider-146 slide-94 msDefaultImage\" \/><img loading=\"lazy\" decoding=\"async\" src=\"https:\/\/www.kajtna.com\/it\/wp-content\/uploads\/sites\/4\/2016\/10\/l5-1200x500.jpg\" height=\"500\" width=\"1200\" alt=\"\" class=\"slider-146 slide-95 msDefaultImage\" \/><img loading=\"lazy\" decoding=\"async\" src=\"https:\/\/www.kajtna.com\/it\/wp-content\/uploads\/sites\/4\/2016\/10\/l6-1200x500.jpg\" height=\"500\" width=\"1200\" alt=\"\" class=\"slider-146 slide-96 msDefaultImage\" \/><img loading=\"lazy\" decoding=\"async\" src=\"https:\/\/www.kajtna.com\/it\/wp-content\/uploads\/sites\/4\/2016\/10\/l7-1199x499.jpg\" height=\"500\" width=\"1200\" alt=\"\" class=\"slider-146 slide-97 msDefaultImage\" \/><img loading=\"lazy\" decoding=\"async\" src=\"https:\/\/www.kajtna.com\/it\/wp-content\/uploads\/sites\/4\/2016\/10\/l8-1200x500.jpg\" height=\"500\" width=\"1200\" alt=\"\" class=\"slider-146 slide-98 msDefaultImage\" \/><img loading=\"lazy\" decoding=\"async\" src=\"https:\/\/www.kajtna.com\/it\/wp-content\/uploads\/sites\/4\/2016\/10\/l9-1200x500.jpg\" height=\"500\" width=\"1200\" alt=\"\" class=\"slider-146 slide-99 msDefaultImage\" \/><img loading=\"lazy\" decoding=\"async\" src=\"https:\/\/www.kajtna.com\/it\/wp-content\/uploads\/sites\/4\/2016\/10\/l10-1200x500.jpg\" height=\"500\" width=\"1200\" alt=\"\" class=\"slider-146 slide-100 msDefaultImage\" \/><img loading=\"lazy\" decoding=\"async\" src=\"https:\/\/www.kajtna.com\/it\/wp-content\/uploads\/sites\/4\/2016\/10\/l11-1024x426.jpg\" height=\"500\" width=\"1200\" alt=\"\" class=\"slider-146 slide-101 msDefaultImage\" \/><img loading=\"lazy\" decoding=\"async\" src=\"https:\/\/www.kajtna.com\/it\/wp-content\/uploads\/sites\/4\/2016\/10\/l12-1200x500.jpg\" height=\"500\" width=\"1200\" alt=\"\" class=\"slider-146 slide-102 msDefaultImage\" \/><img loading=\"lazy\" decoding=\"async\" src=\"https:\/\/www.kajtna.com\/it\/wp-content\/uploads\/sites\/4\/2016\/10\/l13-1200x500.jpg\" height=\"500\" width=\"1200\" alt=\"\" class=\"slider-146 slide-103 msDefaultImage\" \/><img loading=\"lazy\" decoding=\"async\" src=\"https:\/\/www.kajtna.com\/it\/wp-content\/uploads\/sites\/4\/2016\/10\/l14-1198x499.jpg\" height=\"500\" width=\"1200\" alt=\"\" class=\"slider-146 slide-104 msDefaultImage\" \/><img loading=\"lazy\" decoding=\"async\" src=\"https:\/\/www.kajtna.com\/it\/wp-content\/uploads\/sites\/4\/2016\/10\/l15-1200x500.jpg\" height=\"500\" width=\"1200\" alt=\"\" class=\"slider-146 slide-105 msDefaultImage\" \/><img loading=\"lazy\" decoding=\"async\" src=\"https:\/\/www.kajtna.com\/it\/wp-content\/uploads\/sites\/4\/2016\/10\/l16-1200x500.jpg\" height=\"500\" width=\"1200\" alt=\"\" class=\"slider-146 slide-106 msDefaultImage\" \/><img loading=\"lazy\" decoding=\"async\" src=\"https:\/\/www.kajtna.com\/it\/wp-content\/uploads\/sites\/4\/2016\/10\/l17-1200x500.jpg\" height=\"500\" width=\"1200\" alt=\"\" class=\"slider-146 slide-90 msDefaultImage\" \/><\/div><\/div>\n        \n    <\/div>\n<\/div>\n<audio class=\"wp-audio-shortcode\" id=\"audio-15-1\" autoplay preload=\"none\" style=\"width: 100%;\" controls=\"controls\"><source type=\"audio\/mpeg\" src=\"https:\/\/www.kajtna.com\/en\/wp-content\/uploads\/sites\/2\/2015\/11\/Danijela-Martinovic-I-po-svjetlu-i-po-mraku-instrumental.mp3?_=1\" \/><a href=\"https:\/\/www.kajtna.com\/en\/wp-content\/uploads\/sites\/2\/2015\/11\/Danijela-Martinovic-I-po-svjetlu-i-po-mraku-instrumental.mp3\">https:\/\/www.kajtna.com\/en\/wp-content\/uploads\/sites\/2\/2015\/11\/Danijela-Martinovic-I-po-svjetlu-i-po-mraku-instrumental.mp3<\/a><\/audio>\n","protected":false},"excerpt":{"rendered":"<p>La perla delle isole dell&#8217;Adriatico L&#8217;isola di Lussino si trova nell&#8217;alto Adriatico, in un arcipelago dal mare cristallino, ricco di pesci e vita marina e nel quale si possono avvistare spesso i delfini che vivono in queste acque. \u00c8 possibile accedere al mare dalle spiagge rocciose o da quelle di sabbia. L&#8217;isola ha un piacevole &hellip; <a href=\"https:\/\/www.kajtna.com\/it\/isola-losinj\/\" class=\"more-link\">Continue reading <span class=\"screen-reader-text\">Isola Lo\u0161inj<\/span> <span class=\"meta-nav\">&rarr;<\/span><\/a><\/p>\n","protected":false},"author":1,"featured_media":0,"parent":0,"menu_order":0,"comment_status":"closed","ping_status":"closed","template":"page-it.php","meta":{"footnotes":""},"class_list":["post-15","page","type-page","status-publish","hentry"],"_links":{"self":[{"href":"https:\/\/www.kajtna.com\/it\/wp-json\/wp\/v2\/pages\/15","targetHints":{"allow":["GET"]}}],"collection":[{"href":"https:\/\/www.kajtna.com\/it\/wp-json\/wp\/v2\/pages"}],"about":[{"href":"https:\/\/www.kajtna.com\/it\/wp-json\/wp\/v2\/types\/page"}],"author":[{"embeddable":true,"href":"https:\/\/www.kajtna.com\/it\/wp-json\/wp\/v2\/users\/1"}],"replies":[{"embeddable":true,"href":"https:\/\/www.kajtna.com\/it\/wp-json\/wp\/v2\/comments?post=15"}],"version-history":[{"count":5,"href":"https:\/\/www.kajtna.com\/it\/wp-json\/wp\/v2\/pages\/15\/revisions"}],"predecessor-version":[{"id":203,"href":"https:\/\/www.kajtna.com\/it\/wp-json\/wp\/v2\/pages\/15\/revisions\/203"}],"wp:attachment":[{"href":"https:\/\/www.kajtna.com\/it\/wp-json\/wp\/v2\/media?parent=15"}],"curies":[{"name":"wp","href":"https:\/\/api.w.org\/{rel}","templated":true}]}}