{"id":8,"date":"2016-10-20T21:41:03","date_gmt":"2016-10-20T19:41:03","guid":{"rendered":"http:\/\/www.kajtna.com\/hr\/?page_id=8"},"modified":"2017-05-02T12:23:00","modified_gmt":"2017-05-02T10:23:00","slug":"apartman-1","status":"publish","type":"page","link":"https:\/\/www.kajtna.com\/hr\/apartman-1\/","title":{"rendered":"Apartman 1"},"content":{"rendered":"<p>Apartman je suvremeno opremljen i adaptiran u primorskom stilu. Zbog debelih kamenih zidova prebivanje u njemu ljeti je ugodno. Nalazi se u prekrasnoj, mirnoj okolini nedaleko od mora i centra grada. U njemu mo\u017ee ugodno obitavati od \u010detiri do \u0161est osoba.<\/p>\n<p>Apartman je u prizemlju stare adaptirane primorske ku\u0107e, s vlastitom prostornom terasom gdje mo\u017eete na\u0107i svoj mir.<\/p>\n<div class=\"wc-gallery\"><div id='gallery-1' data-gutter-width='5' data-columns='4' class='gallery wc-gallery-captions-onhover gallery-link-file gallery-masonry galleryid-8 gallery-columns-4 gallery-size-thumbnail wc-gallery-bottomspace-default wc-gallery-clear'><div class='gallery-item gallery-item-position-1 gallery-item-attachment-177'>\n\t\t\t\t<div class='gallery-icon landscape'>\n\t\t\t\t\t<a href='https:\/\/www.kajtna.com\/hr\/wp-content\/uploads\/sites\/5\/2017\/05\/S1_DNEVNA-SOBA.jpg' title='S1_DNEVNA SOBA' target='_self' rel=\"lightbox[8]\"><img loading=\"lazy\" decoding=\"async\" width=\"150\" height=\"150\" src=\"https:\/\/www.kajtna.com\/hr\/wp-content\/uploads\/sites\/5\/2017\/05\/S1_DNEVNA-SOBA-150x150.jpg\" class=\"attachment-thumbnail size-thumbnail\" alt=\"\" srcset=\"https:\/\/www.kajtna.com\/hr\/wp-content\/uploads\/sites\/5\/2017\/05\/S1_DNEVNA-SOBA-150x150.jpg 150w, https:\/\/www.kajtna.com\/hr\/wp-content\/uploads\/sites\/5\/2017\/05\/S1_DNEVNA-SOBA-48x48.jpg 48w, https:\/\/www.kajtna.com\/hr\/wp-content\/uploads\/sites\/5\/2017\/05\/S1_DNEVNA-SOBA-300x300.jpg 300w\" sizes=\"auto, (max-width: 150px) 100vw, 150px\" \/><\/a>\n\t\t\t\t<\/div><\/div><div class='gallery-item gallery-item-position-2 gallery-item-attachment-178'>\n\t\t\t\t<div class='gallery-icon landscape'>\n\t\t\t\t\t<a href='https:\/\/www.kajtna.com\/hr\/wp-content\/uploads\/sites\/5\/2017\/05\/S2_KUHINJA-DNEVNA.jpg' title='S2_KUHINJA, DNEVNA' target='_self' rel=\"lightbox[8]\"><img loading=\"lazy\" decoding=\"async\" width=\"150\" height=\"150\" src=\"https:\/\/www.kajtna.com\/hr\/wp-content\/uploads\/sites\/5\/2017\/05\/S2_KUHINJA-DNEVNA-150x150.jpg\" class=\"attachment-thumbnail size-thumbnail\" alt=\"\" srcset=\"https:\/\/www.kajtna.com\/hr\/wp-content\/uploads\/sites\/5\/2017\/05\/S2_KUHINJA-DNEVNA-150x150.jpg 150w, https:\/\/www.kajtna.com\/hr\/wp-content\/uploads\/sites\/5\/2017\/05\/S2_KUHINJA-DNEVNA-48x48.jpg 48w, https:\/\/www.kajtna.com\/hr\/wp-content\/uploads\/sites\/5\/2017\/05\/S2_KUHINJA-DNEVNA-300x300.jpg 300w\" sizes=\"auto, (max-width: 150px) 100vw, 150px\" \/><\/a>\n\t\t\t\t<\/div><\/div><div class='gallery-item gallery-item-position-3 gallery-item-attachment-179'>\n\t\t\t\t<div class='gallery-icon landscape'>\n\t\t\t\t\t<a href='https:\/\/www.kajtna.com\/hr\/wp-content\/uploads\/sites\/5\/2017\/05\/S3_KUHINJA.jpg' title='S3_KUHINJA' target='_self' rel=\"lightbox[8]\"><img loading=\"lazy\" decoding=\"async\" width=\"150\" height=\"150\" src=\"https:\/\/www.kajtna.com\/hr\/wp-content\/uploads\/sites\/5\/2017\/05\/S3_KUHINJA-150x150.jpg\" class=\"attachment-thumbnail size-thumbnail\" alt=\"\" srcset=\"https:\/\/www.kajtna.com\/hr\/wp-content\/uploads\/sites\/5\/2017\/05\/S3_KUHINJA-150x150.jpg 150w, https:\/\/www.kajtna.com\/hr\/wp-content\/uploads\/sites\/5\/2017\/05\/S3_KUHINJA-48x48.jpg 48w, https:\/\/www.kajtna.com\/hr\/wp-content\/uploads\/sites\/5\/2017\/05\/S3_KUHINJA-300x300.jpg 300w\" sizes=\"auto, (max-width: 150px) 100vw, 150px\" \/><\/a>\n\t\t\t\t<\/div><\/div><div class='gallery-item gallery-item-position-4 gallery-item-attachment-180'>\n\t\t\t\t<div class='gallery-icon landscape'>\n\t\t\t\t\t<a href='https:\/\/www.kajtna.com\/hr\/wp-content\/uploads\/sites\/5\/2017\/05\/S4_SPALNICA.jpg' title='S4_SPALNICA' target='_self' rel=\"lightbox[8]\"><img loading=\"lazy\" decoding=\"async\" width=\"150\" height=\"150\" src=\"https:\/\/www.kajtna.com\/hr\/wp-content\/uploads\/sites\/5\/2017\/05\/S4_SPALNICA-150x150.jpg\" class=\"attachment-thumbnail size-thumbnail\" alt=\"\" srcset=\"https:\/\/www.kajtna.com\/hr\/wp-content\/uploads\/sites\/5\/2017\/05\/S4_SPALNICA-150x150.jpg 150w, https:\/\/www.kajtna.com\/hr\/wp-content\/uploads\/sites\/5\/2017\/05\/S4_SPALNICA-48x48.jpg 48w, https:\/\/www.kajtna.com\/hr\/wp-content\/uploads\/sites\/5\/2017\/05\/S4_SPALNICA-300x300.jpg 300w\" sizes=\"auto, (max-width: 150px) 100vw, 150px\" \/><\/a>\n\t\t\t\t<\/div><\/div><div class='gallery-item gallery-item-position-5 gallery-item-attachment-184'>\n\t\t\t\t<div class='gallery-icon landscape'>\n\t\t\t\t\t<a href='https:\/\/www.kajtna.com\/hr\/wp-content\/uploads\/sites\/5\/2017\/05\/S8_TERASA.jpg' title='S8_TERASA' target='_self' rel=\"lightbox[8]\"><img loading=\"lazy\" decoding=\"async\" width=\"150\" height=\"150\" src=\"https:\/\/www.kajtna.com\/hr\/wp-content\/uploads\/sites\/5\/2017\/05\/S8_TERASA-150x150.jpg\" class=\"attachment-thumbnail size-thumbnail\" alt=\"\" srcset=\"https:\/\/www.kajtna.com\/hr\/wp-content\/uploads\/sites\/5\/2017\/05\/S8_TERASA-150x150.jpg 150w, https:\/\/www.kajtna.com\/hr\/wp-content\/uploads\/sites\/5\/2017\/05\/S8_TERASA-48x48.jpg 48w, https:\/\/www.kajtna.com\/hr\/wp-content\/uploads\/sites\/5\/2017\/05\/S8_TERASA-300x300.jpg 300w\" sizes=\"auto, (max-width: 150px) 100vw, 150px\" \/><\/a>\n\t\t\t\t<\/div><\/div><div class='gallery-item gallery-item-position-6 gallery-item-attachment-183'>\n\t\t\t\t<div class='gallery-icon landscape'>\n\t\t\t\t\t<a href='https:\/\/www.kajtna.com\/hr\/wp-content\/uploads\/sites\/5\/2017\/05\/S7_TERASA.jpg' title='S7_TERASA' target='_self' rel=\"lightbox[8]\"><img loading=\"lazy\" decoding=\"async\" width=\"150\" height=\"150\" src=\"https:\/\/www.kajtna.com\/hr\/wp-content\/uploads\/sites\/5\/2017\/05\/S7_TERASA-150x150.jpg\" class=\"attachment-thumbnail size-thumbnail\" alt=\"\" srcset=\"https:\/\/www.kajtna.com\/hr\/wp-content\/uploads\/sites\/5\/2017\/05\/S7_TERASA-150x150.jpg 150w, https:\/\/www.kajtna.com\/hr\/wp-content\/uploads\/sites\/5\/2017\/05\/S7_TERASA-48x48.jpg 48w, https:\/\/www.kajtna.com\/hr\/wp-content\/uploads\/sites\/5\/2017\/05\/S7_TERASA-300x300.jpg 300w\" sizes=\"auto, (max-width: 150px) 100vw, 150px\" \/><\/a>\n\t\t\t\t<\/div><\/div><div class='gallery-item gallery-item-position-7 gallery-item-attachment-181'>\n\t\t\t\t<div class='gallery-icon portrait'>\n\t\t\t\t\t<a href='https:\/\/www.kajtna.com\/hr\/wp-content\/uploads\/sites\/5\/2017\/05\/S5_KOPALNICA.jpg' title='S5_KOPALNICA' target='_self' rel=\"lightbox[8]\"><img loading=\"lazy\" decoding=\"async\" width=\"150\" height=\"150\" src=\"https:\/\/www.kajtna.com\/hr\/wp-content\/uploads\/sites\/5\/2017\/05\/S5_KOPALNICA-150x150.jpg\" class=\"attachment-thumbnail size-thumbnail\" alt=\"\" srcset=\"https:\/\/www.kajtna.com\/hr\/wp-content\/uploads\/sites\/5\/2017\/05\/S5_KOPALNICA-150x150.jpg 150w, https:\/\/www.kajtna.com\/hr\/wp-content\/uploads\/sites\/5\/2017\/05\/S5_KOPALNICA-48x48.jpg 48w, https:\/\/www.kajtna.com\/hr\/wp-content\/uploads\/sites\/5\/2017\/05\/S5_KOPALNICA-300x300.jpg 300w\" sizes=\"auto, (max-width: 150px) 100vw, 150px\" \/><\/a>\n\t\t\t\t<\/div><\/div><div class='gallery-item gallery-item-position-8 gallery-item-attachment-182'>\n\t\t\t\t<div class='gallery-icon portrait'>\n\t\t\t\t\t<a href='https:\/\/www.kajtna.com\/hr\/wp-content\/uploads\/sites\/5\/2017\/05\/S6_WC.jpg' title='S6_WC' target='_self' rel=\"lightbox[8]\"><img loading=\"lazy\" decoding=\"async\" width=\"150\" height=\"150\" src=\"https:\/\/www.kajtna.com\/hr\/wp-content\/uploads\/sites\/5\/2017\/05\/S6_WC-150x150.jpg\" class=\"attachment-thumbnail size-thumbnail\" alt=\"\" srcset=\"https:\/\/www.kajtna.com\/hr\/wp-content\/uploads\/sites\/5\/2017\/05\/S6_WC-150x150.jpg 150w, https:\/\/www.kajtna.com\/hr\/wp-content\/uploads\/sites\/5\/2017\/05\/S6_WC-48x48.jpg 48w, https:\/\/www.kajtna.com\/hr\/wp-content\/uploads\/sites\/5\/2017\/05\/S6_WC-300x300.jpg 300w\" sizes=\"auto, (max-width: 150px) 100vw, 150px\" \/><\/a>\n\t\t\t\t<\/div><\/div><\/div>\n<\/div>\n<h2>Slobodni termini<\/h2>\n<p><iframe loading=\"lazy\" id=\"iframebooking\" src=\"http:\/\/www.kajtna.com\/bookinghra1\" width=\"100%\" height=\"400\" scrolling=\"no\"><\/iframe><\/p>\n","protected":false},"excerpt":{"rendered":"<p>Apartman je suvremeno opremljen i adaptiran u primorskom stilu. Zbog debelih kamenih zidova prebivanje u njemu ljeti je ugodno. Nalazi se u prekrasnoj, mirnoj okolini nedaleko od mora i centra grada. U njemu mo\u017ee ugodno obitavati od \u010detiri do \u0161est osoba. Apartman je u prizemlju stare adaptirane primorske ku\u0107e, s vlastitom prostornom terasom gdje mo\u017eete &hellip; <a href=\"https:\/\/www.kajtna.com\/hr\/apartman-1\/\" class=\"more-link\">Continue reading <span class=\"screen-reader-text\">Apartman 1<\/span> <span class=\"meta-nav\">&rarr;<\/span><\/a><\/p>\n","protected":false},"author":1,"featured_media":0,"parent":0,"menu_order":0,"comment_status":"closed","ping_status":"closed","template":"page-apartma1-hr.php","meta":{"footnotes":""},"class_list":["post-8","page","type-page","status-publish","hentry"],"_links":{"self":[{"href":"https:\/\/www.kajtna.com\/hr\/wp-json\/wp\/v2\/pages\/8","targetHints":{"allow":["GET"]}}],"collection":[{"href":"https:\/\/www.kajtna.com\/hr\/wp-json\/wp\/v2\/pages"}],"about":[{"href":"https:\/\/www.kajtna.com\/hr\/wp-json\/wp\/v2\/types\/page"}],"author":[{"embeddable":true,"href":"https:\/\/www.kajtna.com\/hr\/wp-json\/wp\/v2\/users\/1"}],"replies":[{"embeddable":true,"href":"https:\/\/www.kajtna.com\/hr\/wp-json\/wp\/v2\/comments?post=8"}],"version-history":[{"count":6,"href":"https:\/\/www.kajtna.com\/hr\/wp-json\/wp\/v2\/pages\/8\/revisions"}],"predecessor-version":[{"id":192,"href":"https:\/\/www.kajtna.com\/hr\/wp-json\/wp\/v2\/pages\/8\/revisions\/192"}],"wp:attachment":[{"href":"https:\/\/www.kajtna.com\/hr\/wp-json\/wp\/v2\/media?parent=8"}],"curies":[{"name":"wp","href":"https:\/\/api.w.org\/{rel}","templated":true}]}}