{"id":12,"date":"2016-10-20T21:42:03","date_gmt":"2016-10-20T19:42:03","guid":{"rendered":"http:\/\/www.kajtna.com\/hr\/?page_id=12"},"modified":"2017-05-02T13:14:05","modified_gmt":"2017-05-02T11:14:05","slug":"studio-apartman-1","status":"publish","type":"page","link":"https:\/\/www.kajtna.com\/hr\/studio-apartman-1\/","title":{"rendered":"Studio apartman 1"},"content":{"rendered":"<p>Apartman Studio nalazi se u prekrasnoj okolini, nedaleko od mora i centra grada. To je samostalna manja kamenita ku\u0107a, sagra\u0111ena i opremljena u primorskom duhu. Omogu\u0107ava ugodno obitavanje \u010detiri osoba, ima vlastiti ulaz i vlastitu terasu s ro\u0161tiljem.<\/p>\n<div class=\"wc-gallery\"><div id='gallery-1' data-gutter-width='5' data-columns='4' class='gallery wc-gallery-captions-onhover gallery-link-file gallery-masonry galleryid-12 gallery-columns-4 gallery-size-thumbnail wc-gallery-bottomspace-default wc-gallery-clear'><div class='gallery-item gallery-item-position-1 gallery-item-attachment-52'>\n\t\t\t\t<div class='gallery-icon portrait'>\n\t\t\t\t\t<a href='https:\/\/www.kajtna.com\/hr\/wp-content\/uploads\/sites\/5\/2016\/10\/c1.jpg' title='c1' target='_self' rel=\"lightbox[12]\"><img loading=\"lazy\" decoding=\"async\" width=\"150\" height=\"150\" src=\"https:\/\/www.kajtna.com\/hr\/wp-content\/uploads\/sites\/5\/2016\/10\/c1-150x150.jpg\" class=\"attachment-thumbnail size-thumbnail\" alt=\"\" srcset=\"https:\/\/www.kajtna.com\/hr\/wp-content\/uploads\/sites\/5\/2016\/10\/c1-150x150.jpg 150w, https:\/\/www.kajtna.com\/hr\/wp-content\/uploads\/sites\/5\/2016\/10\/c1-48x48.jpg 48w, https:\/\/www.kajtna.com\/hr\/wp-content\/uploads\/sites\/5\/2016\/10\/c1-300x300.jpg 300w\" sizes=\"auto, (max-width: 150px) 100vw, 150px\" \/><\/a>\n\t\t\t\t<\/div><\/div><div class='gallery-item gallery-item-position-2 gallery-item-attachment-53'>\n\t\t\t\t<div class='gallery-icon portrait'>\n\t\t\t\t\t<a href='https:\/\/www.kajtna.com\/hr\/wp-content\/uploads\/sites\/5\/2016\/10\/c2.jpg' title='c2' target='_self' rel=\"lightbox[12]\"><img loading=\"lazy\" decoding=\"async\" width=\"150\" height=\"150\" src=\"https:\/\/www.kajtna.com\/hr\/wp-content\/uploads\/sites\/5\/2016\/10\/c2-150x150.jpg\" class=\"attachment-thumbnail size-thumbnail\" alt=\"\" srcset=\"https:\/\/www.kajtna.com\/hr\/wp-content\/uploads\/sites\/5\/2016\/10\/c2-150x150.jpg 150w, https:\/\/www.kajtna.com\/hr\/wp-content\/uploads\/sites\/5\/2016\/10\/c2-48x48.jpg 48w, https:\/\/www.kajtna.com\/hr\/wp-content\/uploads\/sites\/5\/2016\/10\/c2-300x300.jpg 300w\" sizes=\"auto, (max-width: 150px) 100vw, 150px\" \/><\/a>\n\t\t\t\t<\/div><\/div><div class='gallery-item gallery-item-position-3 gallery-item-attachment-54'>\n\t\t\t\t<div class='gallery-icon portrait'>\n\t\t\t\t\t<a href='https:\/\/www.kajtna.com\/hr\/wp-content\/uploads\/sites\/5\/2016\/10\/c3.jpg' title='c3' target='_self' rel=\"lightbox[12]\"><img loading=\"lazy\" decoding=\"async\" width=\"150\" height=\"150\" src=\"https:\/\/www.kajtna.com\/hr\/wp-content\/uploads\/sites\/5\/2016\/10\/c3-150x150.jpg\" class=\"attachment-thumbnail size-thumbnail\" alt=\"\" srcset=\"https:\/\/www.kajtna.com\/hr\/wp-content\/uploads\/sites\/5\/2016\/10\/c3-150x150.jpg 150w, https:\/\/www.kajtna.com\/hr\/wp-content\/uploads\/sites\/5\/2016\/10\/c3-48x48.jpg 48w, https:\/\/www.kajtna.com\/hr\/wp-content\/uploads\/sites\/5\/2016\/10\/c3-300x300.jpg 300w\" sizes=\"auto, (max-width: 150px) 100vw, 150px\" \/><\/a>\n\t\t\t\t<\/div><\/div><div class='gallery-item gallery-item-position-4 gallery-item-attachment-55'>\n\t\t\t\t<div class='gallery-icon portrait'>\n\t\t\t\t\t<a href='https:\/\/www.kajtna.com\/hr\/wp-content\/uploads\/sites\/5\/2016\/10\/c4.jpg' title='c4' target='_self' rel=\"lightbox[12]\"><img loading=\"lazy\" decoding=\"async\" width=\"150\" height=\"150\" src=\"https:\/\/www.kajtna.com\/hr\/wp-content\/uploads\/sites\/5\/2016\/10\/c4-150x150.jpg\" class=\"attachment-thumbnail size-thumbnail\" alt=\"\" srcset=\"https:\/\/www.kajtna.com\/hr\/wp-content\/uploads\/sites\/5\/2016\/10\/c4-150x150.jpg 150w, https:\/\/www.kajtna.com\/hr\/wp-content\/uploads\/sites\/5\/2016\/10\/c4-48x48.jpg 48w, https:\/\/www.kajtna.com\/hr\/wp-content\/uploads\/sites\/5\/2016\/10\/c4-300x300.jpg 300w\" sizes=\"auto, (max-width: 150px) 100vw, 150px\" \/><\/a>\n\t\t\t\t<\/div><\/div><div class='gallery-item gallery-item-position-5 gallery-item-attachment-56'>\n\t\t\t\t<div class='gallery-icon portrait'>\n\t\t\t\t\t<a href='https:\/\/www.kajtna.com\/hr\/wp-content\/uploads\/sites\/5\/2016\/10\/c5.jpg' title='c5' target='_self' rel=\"lightbox[12]\"><img loading=\"lazy\" decoding=\"async\" width=\"150\" height=\"150\" src=\"https:\/\/www.kajtna.com\/hr\/wp-content\/uploads\/sites\/5\/2016\/10\/c5-150x150.jpg\" class=\"attachment-thumbnail size-thumbnail\" alt=\"\" srcset=\"https:\/\/www.kajtna.com\/hr\/wp-content\/uploads\/sites\/5\/2016\/10\/c5-150x150.jpg 150w, https:\/\/www.kajtna.com\/hr\/wp-content\/uploads\/sites\/5\/2016\/10\/c5-48x48.jpg 48w, https:\/\/www.kajtna.com\/hr\/wp-content\/uploads\/sites\/5\/2016\/10\/c5-300x300.jpg 300w\" sizes=\"auto, (max-width: 150px) 100vw, 150px\" \/><\/a>\n\t\t\t\t<\/div><\/div><div class='gallery-item gallery-item-position-6 gallery-item-attachment-57'>\n\t\t\t\t<div class='gallery-icon portrait'>\n\t\t\t\t\t<a href='https:\/\/www.kajtna.com\/hr\/wp-content\/uploads\/sites\/5\/2016\/10\/c6.jpg' title='c6' target='_self' rel=\"lightbox[12]\"><img loading=\"lazy\" decoding=\"async\" width=\"150\" height=\"150\" src=\"https:\/\/www.kajtna.com\/hr\/wp-content\/uploads\/sites\/5\/2016\/10\/c6-150x150.jpg\" class=\"attachment-thumbnail size-thumbnail\" alt=\"\" srcset=\"https:\/\/www.kajtna.com\/hr\/wp-content\/uploads\/sites\/5\/2016\/10\/c6-150x150.jpg 150w, https:\/\/www.kajtna.com\/hr\/wp-content\/uploads\/sites\/5\/2016\/10\/c6-48x48.jpg 48w, https:\/\/www.kajtna.com\/hr\/wp-content\/uploads\/sites\/5\/2016\/10\/c6-300x300.jpg 300w\" sizes=\"auto, (max-width: 150px) 100vw, 150px\" \/><\/a>\n\t\t\t\t<\/div><\/div><div class='gallery-item gallery-item-position-7 gallery-item-attachment-58'>\n\t\t\t\t<div class='gallery-icon portrait'>\n\t\t\t\t\t<a href='https:\/\/www.kajtna.com\/hr\/wp-content\/uploads\/sites\/5\/2016\/10\/c7.jpg' title='c7' target='_self' rel=\"lightbox[12]\"><img loading=\"lazy\" decoding=\"async\" width=\"150\" height=\"150\" src=\"https:\/\/www.kajtna.com\/hr\/wp-content\/uploads\/sites\/5\/2016\/10\/c7-150x150.jpg\" class=\"attachment-thumbnail size-thumbnail\" alt=\"\" srcset=\"https:\/\/www.kajtna.com\/hr\/wp-content\/uploads\/sites\/5\/2016\/10\/c7-150x150.jpg 150w, https:\/\/www.kajtna.com\/hr\/wp-content\/uploads\/sites\/5\/2016\/10\/c7-48x48.jpg 48w, https:\/\/www.kajtna.com\/hr\/wp-content\/uploads\/sites\/5\/2016\/10\/c7-300x300.jpg 300w\" sizes=\"auto, (max-width: 150px) 100vw, 150px\" \/><\/a>\n\t\t\t\t<\/div><\/div><div class='gallery-item gallery-item-position-8 gallery-item-attachment-59'>\n\t\t\t\t<div class='gallery-icon portrait'>\n\t\t\t\t\t<a href='https:\/\/www.kajtna.com\/hr\/wp-content\/uploads\/sites\/5\/2016\/10\/c8.jpg' title='c8' target='_self' rel=\"lightbox[12]\"><img loading=\"lazy\" decoding=\"async\" width=\"150\" height=\"150\" src=\"https:\/\/www.kajtna.com\/hr\/wp-content\/uploads\/sites\/5\/2016\/10\/c8-150x150.jpg\" class=\"attachment-thumbnail size-thumbnail\" alt=\"\" srcset=\"https:\/\/www.kajtna.com\/hr\/wp-content\/uploads\/sites\/5\/2016\/10\/c8-150x150.jpg 150w, https:\/\/www.kajtna.com\/hr\/wp-content\/uploads\/sites\/5\/2016\/10\/c8-48x48.jpg 48w, https:\/\/www.kajtna.com\/hr\/wp-content\/uploads\/sites\/5\/2016\/10\/c8-300x300.jpg 300w\" sizes=\"auto, (max-width: 150px) 100vw, 150px\" \/><\/a>\n\t\t\t\t<\/div><\/div><\/div>\n<\/div>\n<h2>Slobodni termini<\/h2>\n<p><iframe loading=\"lazy\" id=\"iframebooking\" src=\"http:\/\/www.kajtna.com\/bookinghrsa1\" width=\"100%\" height=\"400\" scrolling=\"no\"><\/iframe><\/p>\n","protected":false},"excerpt":{"rendered":"<p>Apartman Studio nalazi se u prekrasnoj okolini, nedaleko od mora i centra grada. To je samostalna manja kamenita ku\u0107a, sagra\u0111ena i opremljena u primorskom duhu. Omogu\u0107ava ugodno obitavanje \u010detiri osoba, ima vlastiti ulaz i vlastitu terasu s ro\u0161tiljem. Slobodni termini<\/p>\n","protected":false},"author":1,"featured_media":0,"parent":0,"menu_order":0,"comment_status":"closed","ping_status":"closed","template":"page-apartma3-hr.php","meta":{"footnotes":""},"class_list":["post-12","page","type-page","status-publish","hentry"],"_links":{"self":[{"href":"https:\/\/www.kajtna.com\/hr\/wp-json\/wp\/v2\/pages\/12","targetHints":{"allow":["GET"]}}],"collection":[{"href":"https:\/\/www.kajtna.com\/hr\/wp-json\/wp\/v2\/pages"}],"about":[{"href":"https:\/\/www.kajtna.com\/hr\/wp-json\/wp\/v2\/types\/page"}],"author":[{"embeddable":true,"href":"https:\/\/www.kajtna.com\/hr\/wp-json\/wp\/v2\/users\/1"}],"replies":[{"embeddable":true,"href":"https:\/\/www.kajtna.com\/hr\/wp-json\/wp\/v2\/comments?post=12"}],"version-history":[{"count":5,"href":"https:\/\/www.kajtna.com\/hr\/wp-json\/wp\/v2\/pages\/12\/revisions"}],"predecessor-version":[{"id":198,"href":"https:\/\/www.kajtna.com\/hr\/wp-json\/wp\/v2\/pages\/12\/revisions\/198"}],"wp:attachment":[{"href":"https:\/\/www.kajtna.com\/hr\/wp-json\/wp\/v2\/media?parent=12"}],"curies":[{"name":"wp","href":"https:\/\/api.w.org\/{rel}","templated":true}]}}