{"id":10,"date":"2016-10-20T21:41:21","date_gmt":"2016-10-20T19:41:21","guid":{"rendered":"http:\/\/www.kajtna.com\/hr\/?page_id=10"},"modified":"2017-05-02T12:33:29","modified_gmt":"2017-05-02T10:33:29","slug":"apartman-2","status":"publish","type":"page","link":"https:\/\/www.kajtna.com\/hr\/apartman-2\/","title":{"rendered":"Apartman 2"},"content":{"rendered":"<p>Apartman je na katu stare adaptirane primorske ku\u0107e, s vlastitim ulazom. Suvremeno je opremljen u primorskom stilu. U njemu mo\u017ee ugodno obitavati od \u010detiri do \u0161est osoba. U apartmanu ugodno je sjediti na prostornoj, pokrivenoj terasi, s koje se vidi grad Nerezine i tamo\u0161nji zaljev.<\/p>\n<div class=\"wc-gallery\"><div id='gallery-1' data-gutter-width='5' data-columns='4' class='gallery wc-gallery-captions-onhover gallery-link-file gallery-masonry galleryid-10 gallery-columns-4 gallery-size-thumbnail wc-gallery-bottomspace-default wc-gallery-clear'><div class='gallery-item gallery-item-position-1 gallery-item-attachment-185'>\n\t\t\t\t<div class='gallery-icon landscape'>\n\t\t\t\t\t<a href='https:\/\/www.kajtna.com\/hr\/wp-content\/uploads\/sites\/5\/2017\/05\/Z1_DNEVNA.jpg' title='Z1_DNEVNA' target='_self' rel=\"lightbox[10]\"><img loading=\"lazy\" decoding=\"async\" width=\"150\" height=\"150\" src=\"https:\/\/www.kajtna.com\/hr\/wp-content\/uploads\/sites\/5\/2017\/05\/Z1_DNEVNA-150x150.jpg\" class=\"attachment-thumbnail size-thumbnail\" alt=\"\" srcset=\"https:\/\/www.kajtna.com\/hr\/wp-content\/uploads\/sites\/5\/2017\/05\/Z1_DNEVNA-150x150.jpg 150w, https:\/\/www.kajtna.com\/hr\/wp-content\/uploads\/sites\/5\/2017\/05\/Z1_DNEVNA-48x48.jpg 48w, https:\/\/www.kajtna.com\/hr\/wp-content\/uploads\/sites\/5\/2017\/05\/Z1_DNEVNA-300x300.jpg 300w\" sizes=\"auto, (max-width: 150px) 100vw, 150px\" \/><\/a>\n\t\t\t\t<\/div><\/div><div class='gallery-item gallery-item-position-2 gallery-item-attachment-187'>\n\t\t\t\t<div class='gallery-icon landscape'>\n\t\t\t\t\t<a href='https:\/\/www.kajtna.com\/hr\/wp-content\/uploads\/sites\/5\/2017\/05\/Z3_KUHINJA.jpg' title='Z3_KUHINJA' target='_self' rel=\"lightbox[10]\"><img loading=\"lazy\" decoding=\"async\" width=\"150\" height=\"150\" src=\"https:\/\/www.kajtna.com\/hr\/wp-content\/uploads\/sites\/5\/2017\/05\/Z3_KUHINJA-150x150.jpg\" class=\"attachment-thumbnail size-thumbnail\" alt=\"\" srcset=\"https:\/\/www.kajtna.com\/hr\/wp-content\/uploads\/sites\/5\/2017\/05\/Z3_KUHINJA-150x150.jpg 150w, https:\/\/www.kajtna.com\/hr\/wp-content\/uploads\/sites\/5\/2017\/05\/Z3_KUHINJA-48x48.jpg 48w, https:\/\/www.kajtna.com\/hr\/wp-content\/uploads\/sites\/5\/2017\/05\/Z3_KUHINJA-300x300.jpg 300w\" sizes=\"auto, (max-width: 150px) 100vw, 150px\" \/><\/a>\n\t\t\t\t<\/div><\/div><div class='gallery-item gallery-item-position-3 gallery-item-attachment-186'>\n\t\t\t\t<div class='gallery-icon landscape'>\n\t\t\t\t\t<a href='https:\/\/www.kajtna.com\/hr\/wp-content\/uploads\/sites\/5\/2017\/05\/Z2_KUHINJA.jpg' title='Z2_KUHINJA' target='_self' rel=\"lightbox[10]\"><img loading=\"lazy\" decoding=\"async\" width=\"150\" height=\"150\" src=\"https:\/\/www.kajtna.com\/hr\/wp-content\/uploads\/sites\/5\/2017\/05\/Z2_KUHINJA-150x150.jpg\" class=\"attachment-thumbnail size-thumbnail\" alt=\"\" srcset=\"https:\/\/www.kajtna.com\/hr\/wp-content\/uploads\/sites\/5\/2017\/05\/Z2_KUHINJA-150x150.jpg 150w, https:\/\/www.kajtna.com\/hr\/wp-content\/uploads\/sites\/5\/2017\/05\/Z2_KUHINJA-48x48.jpg 48w, https:\/\/www.kajtna.com\/hr\/wp-content\/uploads\/sites\/5\/2017\/05\/Z2_KUHINJA-300x300.jpg 300w\" sizes=\"auto, (max-width: 150px) 100vw, 150px\" \/><\/a>\n\t\t\t\t<\/div><\/div><div class='gallery-item gallery-item-position-4 gallery-item-attachment-170'>\n\t\t\t\t<div class='gallery-icon landscape'>\n\t\t\t\t\t<a href='https:\/\/www.kajtna.com\/hr\/wp-content\/uploads\/sites\/5\/2017\/05\/Z8_TERASA.jpg' title='Z8_TERASA' target='_self' rel=\"lightbox[10]\"><img loading=\"lazy\" decoding=\"async\" width=\"150\" height=\"150\" src=\"https:\/\/www.kajtna.com\/hr\/wp-content\/uploads\/sites\/5\/2017\/05\/Z8_TERASA-150x150.jpg\" class=\"attachment-thumbnail size-thumbnail\" alt=\"\" srcset=\"https:\/\/www.kajtna.com\/hr\/wp-content\/uploads\/sites\/5\/2017\/05\/Z8_TERASA-150x150.jpg 150w, https:\/\/www.kajtna.com\/hr\/wp-content\/uploads\/sites\/5\/2017\/05\/Z8_TERASA-48x48.jpg 48w, https:\/\/www.kajtna.com\/hr\/wp-content\/uploads\/sites\/5\/2017\/05\/Z8_TERASA-300x300.jpg 300w\" sizes=\"auto, (max-width: 150px) 100vw, 150px\" \/><\/a>\n\t\t\t\t<\/div><\/div><div class='gallery-item gallery-item-position-5 gallery-item-attachment-189'>\n\t\t\t\t<div class='gallery-icon landscape'>\n\t\t\t\t\t<a href='https:\/\/www.kajtna.com\/hr\/wp-content\/uploads\/sites\/5\/2017\/05\/Z5_SPALNICA.jpg' title='Z5_SPALNICA' target='_self' rel=\"lightbox[10]\"><img loading=\"lazy\" decoding=\"async\" width=\"150\" height=\"150\" src=\"https:\/\/www.kajtna.com\/hr\/wp-content\/uploads\/sites\/5\/2017\/05\/Z5_SPALNICA-150x150.jpg\" class=\"attachment-thumbnail size-thumbnail\" alt=\"\" srcset=\"https:\/\/www.kajtna.com\/hr\/wp-content\/uploads\/sites\/5\/2017\/05\/Z5_SPALNICA-150x150.jpg 150w, https:\/\/www.kajtna.com\/hr\/wp-content\/uploads\/sites\/5\/2017\/05\/Z5_SPALNICA-48x48.jpg 48w, https:\/\/www.kajtna.com\/hr\/wp-content\/uploads\/sites\/5\/2017\/05\/Z5_SPALNICA-300x300.jpg 300w\" sizes=\"auto, (max-width: 150px) 100vw, 150px\" \/><\/a>\n\t\t\t\t<\/div><\/div><div class='gallery-item gallery-item-position-6 gallery-item-attachment-188'>\n\t\t\t\t<div class='gallery-icon landscape'>\n\t\t\t\t\t<a href='https:\/\/www.kajtna.com\/hr\/wp-content\/uploads\/sites\/5\/2017\/05\/Z4_SPALNICA.jpg' title='Z4_SPALNICA' target='_self' rel=\"lightbox[10]\"><img loading=\"lazy\" decoding=\"async\" width=\"150\" height=\"150\" src=\"https:\/\/www.kajtna.com\/hr\/wp-content\/uploads\/sites\/5\/2017\/05\/Z4_SPALNICA-150x150.jpg\" class=\"attachment-thumbnail size-thumbnail\" alt=\"\" srcset=\"https:\/\/www.kajtna.com\/hr\/wp-content\/uploads\/sites\/5\/2017\/05\/Z4_SPALNICA-150x150.jpg 150w, https:\/\/www.kajtna.com\/hr\/wp-content\/uploads\/sites\/5\/2017\/05\/Z4_SPALNICA-48x48.jpg 48w, https:\/\/www.kajtna.com\/hr\/wp-content\/uploads\/sites\/5\/2017\/05\/Z4_SPALNICA-300x300.jpg 300w\" sizes=\"auto, (max-width: 150px) 100vw, 150px\" \/><\/a>\n\t\t\t\t<\/div><\/div><div class='gallery-item gallery-item-position-7 gallery-item-attachment-191'>\n\t\t\t\t<div class='gallery-icon portrait'>\n\t\t\t\t\t<a href='https:\/\/www.kajtna.com\/hr\/wp-content\/uploads\/sites\/5\/2017\/05\/Z7_KOPALNICA-.jpg' title='Z7_KOPALNICA' target='_self' rel=\"lightbox[10]\"><img loading=\"lazy\" decoding=\"async\" width=\"150\" height=\"150\" src=\"https:\/\/www.kajtna.com\/hr\/wp-content\/uploads\/sites\/5\/2017\/05\/Z7_KOPALNICA--150x150.jpg\" class=\"attachment-thumbnail size-thumbnail\" alt=\"\" srcset=\"https:\/\/www.kajtna.com\/hr\/wp-content\/uploads\/sites\/5\/2017\/05\/Z7_KOPALNICA--150x150.jpg 150w, https:\/\/www.kajtna.com\/hr\/wp-content\/uploads\/sites\/5\/2017\/05\/Z7_KOPALNICA--48x48.jpg 48w, https:\/\/www.kajtna.com\/hr\/wp-content\/uploads\/sites\/5\/2017\/05\/Z7_KOPALNICA--300x300.jpg 300w\" sizes=\"auto, (max-width: 150px) 100vw, 150px\" \/><\/a>\n\t\t\t\t<\/div><\/div><div class='gallery-item gallery-item-position-8 gallery-item-attachment-190'>\n\t\t\t\t<div class='gallery-icon portrait'>\n\t\t\t\t\t<a href='https:\/\/www.kajtna.com\/hr\/wp-content\/uploads\/sites\/5\/2017\/05\/Z6_KOPALNICA.jpg' title='Z6_KOPALNICA' target='_self' rel=\"lightbox[10]\"><img loading=\"lazy\" decoding=\"async\" width=\"150\" height=\"150\" src=\"https:\/\/www.kajtna.com\/hr\/wp-content\/uploads\/sites\/5\/2017\/05\/Z6_KOPALNICA-150x150.jpg\" class=\"attachment-thumbnail size-thumbnail\" alt=\"\" srcset=\"https:\/\/www.kajtna.com\/hr\/wp-content\/uploads\/sites\/5\/2017\/05\/Z6_KOPALNICA-150x150.jpg 150w, https:\/\/www.kajtna.com\/hr\/wp-content\/uploads\/sites\/5\/2017\/05\/Z6_KOPALNICA-48x48.jpg 48w, https:\/\/www.kajtna.com\/hr\/wp-content\/uploads\/sites\/5\/2017\/05\/Z6_KOPALNICA-300x300.jpg 300w\" sizes=\"auto, (max-width: 150px) 100vw, 150px\" \/><\/a>\n\t\t\t\t<\/div><\/div><\/div>\n<\/div>\n<h2>Slobodni termini<\/h2>\n<p><iframe loading=\"lazy\" id=\"iframebooking\" src=\"http:\/\/www.kajtna.com\/bookinghra2\" width=\"100%\" height=\"400\" scrolling=\"no\"><\/iframe><\/p>\n","protected":false},"excerpt":{"rendered":"<p>Apartman je na katu stare adaptirane primorske ku\u0107e, s vlastitim ulazom. Suvremeno je opremljen u primorskom stilu. U njemu mo\u017ee ugodno obitavati od \u010detiri do \u0161est osoba. U apartmanu ugodno je sjediti na prostornoj, pokrivenoj terasi, s koje se vidi grad Nerezine i tamo\u0161nji zaljev. Slobodni termini<\/p>\n","protected":false},"author":1,"featured_media":0,"parent":0,"menu_order":0,"comment_status":"closed","ping_status":"closed","template":"page-apartma2-hr.php","meta":{"footnotes":""},"class_list":["post-10","page","type-page","status-publish","hentry"],"_links":{"self":[{"href":"https:\/\/www.kajtna.com\/hr\/wp-json\/wp\/v2\/pages\/10","targetHints":{"allow":["GET"]}}],"collection":[{"href":"https:\/\/www.kajtna.com\/hr\/wp-json\/wp\/v2\/pages"}],"about":[{"href":"https:\/\/www.kajtna.com\/hr\/wp-json\/wp\/v2\/types\/page"}],"author":[{"embeddable":true,"href":"https:\/\/www.kajtna.com\/hr\/wp-json\/wp\/v2\/users\/1"}],"replies":[{"embeddable":true,"href":"https:\/\/www.kajtna.com\/hr\/wp-json\/wp\/v2\/comments?post=10"}],"version-history":[{"count":6,"href":"https:\/\/www.kajtna.com\/hr\/wp-json\/wp\/v2\/pages\/10\/revisions"}],"predecessor-version":[{"id":193,"href":"https:\/\/www.kajtna.com\/hr\/wp-json\/wp\/v2\/pages\/10\/revisions\/193"}],"wp:attachment":[{"href":"https:\/\/www.kajtna.com\/hr\/wp-json\/wp\/v2\/media?parent=10"}],"curies":[{"name":"wp","href":"https:\/\/api.w.org\/{rel}","templated":true}]}}