{"id":21,"date":"2015-11-24T22:50:53","date_gmt":"2015-11-24T21:50:53","guid":{"rendered":"http:\/\/www.kajtna.com\/en\/?page_id=21"},"modified":"2018-05-16T20:00:36","modified_gmt":"2018-05-16T18:00:36","slug":"island-losinj","status":"publish","type":"page","link":"https:\/\/www.kajtna.com\/en\/island-losinj\/","title":{"rendered":"Island Lo\u0161inj"},"content":{"rendered":"<p>Pearl of the Adriatic Islands<\/p>\n<p>Lo\u0161inj is a northern Adriatic island, located in a bay of crystal clear water, teeming with fish and with a rich submarine life, including frequent visits from dolphins which live in the surrounding sea. The sea can be reached by steep rocks or sandy beaches. The island has a pleasant Mediterranean climate, which is particularly good for the treatment of respiratory and chronic diseases. The island is covered by dense conifers and hundreds of species of herbs and spices that help to give the island its pleasant climate. This magical island will enchant you with its scents, flavours and natural beauty. We can recommend short trips around the island \u2013 to Ustrine, Lubenice, or Lake Vrana, and to other notable towns such as Nerezine, Osor, and Veli Lo\u0161inj. An unforgettable excursion is the climb to the nearby hill, Osor\u0161\u0107ica-Televrin (589m), which offers stunning views of the nearby islands and the mainland \u2013 Kornati, Unije, Susak, Ilovik, Pag, Rab, Krk, and Istria. For a change you can take a day trip to one of these islands. The typical vegetation and the protected wildlife \u2013 the griffon vulture, various species of birds, and the geckos \u2013 together with the friendly local people and the many other opportunities for recreation and sports are just another reason to escape the city and enjoy a vacation in our apartments in Nerezine on the island of Lo\u0161inj. The island is the ideal place for revitalising both body and soul. Our apartments are located in quiet surroundings in the pleasant small town of Nerezine, only 300m from the sea and the main square, where you have all the necessary infrastructure &#8211; cafes, shops, post office, doctor&#8217;s surgery, butcher, hairdresser, fishmonger, and bakery.<\/p>\n<p>Surrender to the soothing sounds of the island: bird song, the crying of seagulls, the murmur of the waves in the shadow of the pines; you are welcome to visit the island of vitality and enjoy a holiday in our apartments in Nerezine.<\/p>\n<p>We can also rent you a wooden boat for fishing or swimming.<\/p>\n<div id=\"metaslider-id-47\" style=\"max-width: 1200px;\" class=\"ml-slider-3-104-0 metaslider metaslider-nivo metaslider-47 ml-slider ms-theme-default\" role=\"region\" aria-label=\"Lo\u0161inj\" data-height=\"500\" data-width=\"1200\">\n    <div id=\"metaslider_container_47\">\n        <div class='slider-wrapper theme-default'><div class='ribbon'><\/div><div id='metaslider_47' class='nivoSlider'><img loading=\"lazy\" decoding=\"async\" src=\"https:\/\/www.kajtna.com\/en\/wp-content\/uploads\/sites\/2\/2016\/02\/l1-1200x500.jpg\" height=\"500\" width=\"1200\" alt=\"\" class=\"slider-47 slide-79 msDefaultImage\" \/><img loading=\"lazy\" decoding=\"async\" src=\"https:\/\/www.kajtna.com\/en\/wp-content\/uploads\/sites\/2\/2016\/02\/l2-1024x426.jpg\" height=\"500\" width=\"1200\" alt=\"\" class=\"slider-47 slide-80 msDefaultImage\" \/><img loading=\"lazy\" decoding=\"async\" src=\"https:\/\/www.kajtna.com\/en\/wp-content\/uploads\/sites\/2\/2016\/02\/l3-1200x500.jpg\" height=\"500\" width=\"1200\" alt=\"\" class=\"slider-47 slide-81 msDefaultImage\" \/><img loading=\"lazy\" decoding=\"async\" src=\"https:\/\/www.kajtna.com\/en\/wp-content\/uploads\/sites\/2\/2016\/02\/l4-1024x426.jpg\" height=\"500\" width=\"1200\" alt=\"\" class=\"slider-47 slide-82 msDefaultImage\" \/><img loading=\"lazy\" decoding=\"async\" src=\"https:\/\/www.kajtna.com\/en\/wp-content\/uploads\/sites\/2\/2016\/02\/l5-1200x500.jpg\" height=\"500\" width=\"1200\" alt=\"\" class=\"slider-47 slide-83 msDefaultImage\" \/><img loading=\"lazy\" decoding=\"async\" src=\"https:\/\/www.kajtna.com\/en\/wp-content\/uploads\/sites\/2\/2016\/02\/l6-1200x500.jpg\" height=\"500\" width=\"1200\" alt=\"\" class=\"slider-47 slide-84 msDefaultImage\" \/><img loading=\"lazy\" decoding=\"async\" src=\"https:\/\/www.kajtna.com\/en\/wp-content\/uploads\/sites\/2\/2016\/02\/l7-1199x499.jpg\" height=\"500\" width=\"1200\" alt=\"\" class=\"slider-47 slide-85 msDefaultImage\" \/><img loading=\"lazy\" decoding=\"async\" src=\"https:\/\/www.kajtna.com\/en\/wp-content\/uploads\/sites\/2\/2016\/02\/l8-1200x500.jpg\" height=\"500\" width=\"1200\" alt=\"\" class=\"slider-47 slide-86 msDefaultImage\" \/><img loading=\"lazy\" decoding=\"async\" src=\"https:\/\/www.kajtna.com\/en\/wp-content\/uploads\/sites\/2\/2016\/02\/l9-1200x500.jpg\" height=\"500\" width=\"1200\" alt=\"\" class=\"slider-47 slide-87 msDefaultImage\" \/><img loading=\"lazy\" decoding=\"async\" src=\"https:\/\/www.kajtna.com\/en\/wp-content\/uploads\/sites\/2\/2016\/02\/l10-1200x500.jpg\" height=\"500\" width=\"1200\" alt=\"\" class=\"slider-47 slide-88 msDefaultImage\" \/><img loading=\"lazy\" decoding=\"async\" src=\"https:\/\/www.kajtna.com\/en\/wp-content\/uploads\/sites\/2\/2016\/02\/l11-1024x426.jpg\" height=\"500\" width=\"1200\" alt=\"\" class=\"slider-47 slide-89 msDefaultImage\" \/><img loading=\"lazy\" decoding=\"async\" src=\"https:\/\/www.kajtna.com\/en\/wp-content\/uploads\/sites\/2\/2016\/02\/l12-1200x500.jpg\" height=\"500\" width=\"1200\" alt=\"\" class=\"slider-47 slide-90 msDefaultImage\" \/><img loading=\"lazy\" decoding=\"async\" src=\"https:\/\/www.kajtna.com\/en\/wp-content\/uploads\/sites\/2\/2016\/02\/l13-1200x500.jpg\" height=\"500\" width=\"1200\" alt=\"\" class=\"slider-47 slide-91 msDefaultImage\" \/><img loading=\"lazy\" decoding=\"async\" src=\"https:\/\/www.kajtna.com\/en\/wp-content\/uploads\/sites\/2\/2016\/02\/l14-1198x499.jpg\" height=\"500\" width=\"1200\" alt=\"\" class=\"slider-47 slide-92 msDefaultImage\" \/><img loading=\"lazy\" decoding=\"async\" src=\"https:\/\/www.kajtna.com\/en\/wp-content\/uploads\/sites\/2\/2016\/02\/l15-1200x500.jpg\" height=\"500\" width=\"1200\" alt=\"\" class=\"slider-47 slide-93 msDefaultImage\" \/><img loading=\"lazy\" decoding=\"async\" src=\"https:\/\/www.kajtna.com\/en\/wp-content\/uploads\/sites\/2\/2016\/02\/l16-1200x500.jpg\" height=\"500\" width=\"1200\" alt=\"\" class=\"slider-47 slide-94 msDefaultImage\" \/><img loading=\"lazy\" decoding=\"async\" src=\"https:\/\/www.kajtna.com\/en\/wp-content\/uploads\/sites\/2\/2016\/02\/l17-1200x500.jpg\" height=\"500\" width=\"1200\" alt=\"\" class=\"slider-47 slide-78 msDefaultImage\" \/><\/div><\/div>\n        \n    <\/div>\n<\/div>\n<audio class=\"wp-audio-shortcode\" id=\"audio-21-1\" autoplay preload=\"none\" style=\"width: 100%;\" controls=\"controls\"><source type=\"audio\/mpeg\" src=\"https:\/\/www.kajtna.com\/en\/wp-content\/uploads\/sites\/2\/2015\/11\/Danijela-Martinovic-I-po-svjetlu-i-po-mraku-instrumental.mp3?_=1\" \/><a href=\"https:\/\/www.kajtna.com\/en\/wp-content\/uploads\/sites\/2\/2015\/11\/Danijela-Martinovic-I-po-svjetlu-i-po-mraku-instrumental.mp3\">https:\/\/www.kajtna.com\/en\/wp-content\/uploads\/sites\/2\/2015\/11\/Danijela-Martinovic-I-po-svjetlu-i-po-mraku-instrumental.mp3<\/a><\/audio>\n","protected":false},"excerpt":{"rendered":"<p>Pearl of the Adriatic Islands Lo\u0161inj is a northern Adriatic island, located in a bay of crystal clear water, teeming with fish and with a rich submarine life, including frequent visits from dolphins which live in the surrounding sea. The sea can be reached by steep rocks or sandy beaches. The island has a pleasant &hellip; <a href=\"https:\/\/www.kajtna.com\/en\/island-losinj\/\" class=\"more-link\">Continue reading <span class=\"screen-reader-text\">Island Lo\u0161inj<\/span> <span class=\"meta-nav\">&rarr;<\/span><\/a><\/p>\n","protected":false},"author":1,"featured_media":0,"parent":0,"menu_order":0,"comment_status":"closed","ping_status":"closed","template":"page-en.php","meta":{"footnotes":""},"class_list":["post-21","page","type-page","status-publish","hentry"],"_links":{"self":[{"href":"https:\/\/www.kajtna.com\/en\/wp-json\/wp\/v2\/pages\/21","targetHints":{"allow":["GET"]}}],"collection":[{"href":"https:\/\/www.kajtna.com\/en\/wp-json\/wp\/v2\/pages"}],"about":[{"href":"https:\/\/www.kajtna.com\/en\/wp-json\/wp\/v2\/types\/page"}],"author":[{"embeddable":true,"href":"https:\/\/www.kajtna.com\/en\/wp-json\/wp\/v2\/users\/1"}],"replies":[{"embeddable":true,"href":"https:\/\/www.kajtna.com\/en\/wp-json\/wp\/v2\/comments?post=21"}],"version-history":[{"count":6,"href":"https:\/\/www.kajtna.com\/en\/wp-json\/wp\/v2\/pages\/21\/revisions"}],"predecessor-version":[{"id":217,"href":"https:\/\/www.kajtna.com\/en\/wp-json\/wp\/v2\/pages\/21\/revisions\/217"}],"wp:attachment":[{"href":"https:\/\/www.kajtna.com\/en\/wp-json\/wp\/v2\/media?parent=21"}],"curies":[{"name":"wp","href":"https:\/\/api.w.org\/{rel}","templated":true}]}}