{"id":7,"date":"2015-11-24T23:24:50","date_gmt":"2015-11-24T22:24:50","guid":{"rendered":"http:\/\/www.kajtna.com\/de\/?page_id=7"},"modified":"2017-05-02T12:27:35","modified_gmt":"2017-05-02T10:27:35","slug":"apartment-1","status":"publish","type":"page","link":"https:\/\/www.kajtna.com\/de\/apartment-1\/","title":{"rendered":"Apartment 1"},"content":{"rendered":"<p>Das Apartment ist im mediterranen Stil renoviert und modern eingerichtet. Wegen der dicken Steinw\u00e4nde ist es im Sommer angenehm k\u00fchl. Das Apartment befindet sich in einer wundersch\u00f6nen und ruhigen Umgebung, unweit vom Meer und Ortszentrum. Es bietet Raum f\u00fcr einen angenehmen Aufenthalt von vier bis sechs Personen.<\/p>\n<p>Das Apartment befindet sich im Erdgeschoss eines renovierten mediterranen Hauses und verf\u00fcgt \u00fcber eine ger\u00e4umige Terrasse, wo Sie sich in Ruhe entspannen k\u00f6nnen.<\/p>\n<div class=\"wc-gallery\"><div id='gallery-1' data-gutter-width='5' data-columns='4' class='gallery wc-gallery-captions-onhover gallery-link-file gallery-masonry galleryid-7 gallery-columns-4 gallery-size-thumbnail wc-gallery-bottomspace-default wc-gallery-clear'><div class='gallery-item gallery-item-position-1 gallery-item-attachment-193'>\n\t\t\t\t<div class='gallery-icon landscape'>\n\t\t\t\t\t<a href='https:\/\/www.kajtna.com\/de\/wp-content\/uploads\/sites\/3\/2017\/05\/S1_DNEVNA-SOBA.jpg' title='S1_DNEVNA SOBA' target='_self' rel=\"lightbox[7]\"><img loading=\"lazy\" decoding=\"async\" width=\"150\" height=\"150\" src=\"https:\/\/www.kajtna.com\/de\/wp-content\/uploads\/sites\/3\/2017\/05\/S1_DNEVNA-SOBA-150x150.jpg\" class=\"attachment-thumbnail size-thumbnail\" alt=\"\" srcset=\"https:\/\/www.kajtna.com\/de\/wp-content\/uploads\/sites\/3\/2017\/05\/S1_DNEVNA-SOBA-150x150.jpg 150w, https:\/\/www.kajtna.com\/de\/wp-content\/uploads\/sites\/3\/2017\/05\/S1_DNEVNA-SOBA-48x48.jpg 48w, https:\/\/www.kajtna.com\/de\/wp-content\/uploads\/sites\/3\/2017\/05\/S1_DNEVNA-SOBA-300x300.jpg 300w\" sizes=\"auto, (max-width: 150px) 100vw, 150px\" \/><\/a>\n\t\t\t\t<\/div><\/div><div class='gallery-item gallery-item-position-2 gallery-item-attachment-194'>\n\t\t\t\t<div class='gallery-icon landscape'>\n\t\t\t\t\t<a href='https:\/\/www.kajtna.com\/de\/wp-content\/uploads\/sites\/3\/2017\/05\/S2_KUHINJA-DNEVNA.jpg' title='S2_KUHINJA, DNEVNA' target='_self' rel=\"lightbox[7]\"><img loading=\"lazy\" decoding=\"async\" width=\"150\" height=\"150\" src=\"https:\/\/www.kajtna.com\/de\/wp-content\/uploads\/sites\/3\/2017\/05\/S2_KUHINJA-DNEVNA-150x150.jpg\" class=\"attachment-thumbnail size-thumbnail\" alt=\"\" srcset=\"https:\/\/www.kajtna.com\/de\/wp-content\/uploads\/sites\/3\/2017\/05\/S2_KUHINJA-DNEVNA-150x150.jpg 150w, https:\/\/www.kajtna.com\/de\/wp-content\/uploads\/sites\/3\/2017\/05\/S2_KUHINJA-DNEVNA-48x48.jpg 48w, https:\/\/www.kajtna.com\/de\/wp-content\/uploads\/sites\/3\/2017\/05\/S2_KUHINJA-DNEVNA-300x300.jpg 300w\" sizes=\"auto, (max-width: 150px) 100vw, 150px\" \/><\/a>\n\t\t\t\t<\/div><\/div><div class='gallery-item gallery-item-position-3 gallery-item-attachment-195'>\n\t\t\t\t<div class='gallery-icon landscape'>\n\t\t\t\t\t<a href='https:\/\/www.kajtna.com\/de\/wp-content\/uploads\/sites\/3\/2017\/05\/S3_KUHINJA.jpg' title='S3_KUHINJA' target='_self' rel=\"lightbox[7]\"><img loading=\"lazy\" decoding=\"async\" width=\"150\" height=\"150\" src=\"https:\/\/www.kajtna.com\/de\/wp-content\/uploads\/sites\/3\/2017\/05\/S3_KUHINJA-150x150.jpg\" class=\"attachment-thumbnail size-thumbnail\" alt=\"\" srcset=\"https:\/\/www.kajtna.com\/de\/wp-content\/uploads\/sites\/3\/2017\/05\/S3_KUHINJA-150x150.jpg 150w, https:\/\/www.kajtna.com\/de\/wp-content\/uploads\/sites\/3\/2017\/05\/S3_KUHINJA-48x48.jpg 48w, https:\/\/www.kajtna.com\/de\/wp-content\/uploads\/sites\/3\/2017\/05\/S3_KUHINJA-300x300.jpg 300w\" sizes=\"auto, (max-width: 150px) 100vw, 150px\" \/><\/a>\n\t\t\t\t<\/div><\/div><div class='gallery-item gallery-item-position-4 gallery-item-attachment-196'>\n\t\t\t\t<div class='gallery-icon landscape'>\n\t\t\t\t\t<a href='https:\/\/www.kajtna.com\/de\/wp-content\/uploads\/sites\/3\/2017\/05\/S4_SPALNICA.jpg' title='S4_SPALNICA' target='_self' rel=\"lightbox[7]\"><img loading=\"lazy\" decoding=\"async\" width=\"150\" height=\"150\" src=\"https:\/\/www.kajtna.com\/de\/wp-content\/uploads\/sites\/3\/2017\/05\/S4_SPALNICA-150x150.jpg\" class=\"attachment-thumbnail size-thumbnail\" alt=\"\" srcset=\"https:\/\/www.kajtna.com\/de\/wp-content\/uploads\/sites\/3\/2017\/05\/S4_SPALNICA-150x150.jpg 150w, https:\/\/www.kajtna.com\/de\/wp-content\/uploads\/sites\/3\/2017\/05\/S4_SPALNICA-48x48.jpg 48w, https:\/\/www.kajtna.com\/de\/wp-content\/uploads\/sites\/3\/2017\/05\/S4_SPALNICA-300x300.jpg 300w\" sizes=\"auto, (max-width: 150px) 100vw, 150px\" \/><\/a>\n\t\t\t\t<\/div><\/div><div class='gallery-item gallery-item-position-5 gallery-item-attachment-178'>\n\t\t\t\t<div class='gallery-icon landscape'>\n\t\t\t\t\t<a href='https:\/\/www.kajtna.com\/de\/wp-content\/uploads\/sites\/3\/2017\/05\/S8_TERASA.jpg' title='S8_TERASA' target='_self' rel=\"lightbox[7]\"><img loading=\"lazy\" decoding=\"async\" width=\"150\" height=\"150\" src=\"https:\/\/www.kajtna.com\/de\/wp-content\/uploads\/sites\/3\/2017\/05\/S8_TERASA-150x150.jpg\" class=\"attachment-thumbnail size-thumbnail\" alt=\"\" srcset=\"https:\/\/www.kajtna.com\/de\/wp-content\/uploads\/sites\/3\/2017\/05\/S8_TERASA-150x150.jpg 150w, https:\/\/www.kajtna.com\/de\/wp-content\/uploads\/sites\/3\/2017\/05\/S8_TERASA-48x48.jpg 48w, https:\/\/www.kajtna.com\/de\/wp-content\/uploads\/sites\/3\/2017\/05\/S8_TERASA-300x300.jpg 300w\" sizes=\"auto, (max-width: 150px) 100vw, 150px\" \/><\/a>\n\t\t\t\t<\/div><\/div><div class='gallery-item gallery-item-position-6 gallery-item-attachment-177'>\n\t\t\t\t<div class='gallery-icon landscape'>\n\t\t\t\t\t<a href='https:\/\/www.kajtna.com\/de\/wp-content\/uploads\/sites\/3\/2017\/05\/S7_TERASA.jpg' title='S7_TERASA' target='_self' rel=\"lightbox[7]\"><img loading=\"lazy\" decoding=\"async\" width=\"150\" height=\"150\" src=\"https:\/\/www.kajtna.com\/de\/wp-content\/uploads\/sites\/3\/2017\/05\/S7_TERASA-150x150.jpg\" class=\"attachment-thumbnail size-thumbnail\" alt=\"\" srcset=\"https:\/\/www.kajtna.com\/de\/wp-content\/uploads\/sites\/3\/2017\/05\/S7_TERASA-150x150.jpg 150w, https:\/\/www.kajtna.com\/de\/wp-content\/uploads\/sites\/3\/2017\/05\/S7_TERASA-48x48.jpg 48w, https:\/\/www.kajtna.com\/de\/wp-content\/uploads\/sites\/3\/2017\/05\/S7_TERASA-300x300.jpg 300w\" sizes=\"auto, (max-width: 150px) 100vw, 150px\" \/><\/a>\n\t\t\t\t<\/div><\/div><div class='gallery-item gallery-item-position-7 gallery-item-attachment-175'>\n\t\t\t\t<div class='gallery-icon portrait'>\n\t\t\t\t\t<a href='https:\/\/www.kajtna.com\/de\/wp-content\/uploads\/sites\/3\/2017\/05\/S5_KOPALNICA.jpg' title='S5_KOPALNICA' target='_self' rel=\"lightbox[7]\"><img loading=\"lazy\" decoding=\"async\" width=\"150\" height=\"150\" src=\"https:\/\/www.kajtna.com\/de\/wp-content\/uploads\/sites\/3\/2017\/05\/S5_KOPALNICA-150x150.jpg\" class=\"attachment-thumbnail size-thumbnail\" alt=\"\" srcset=\"https:\/\/www.kajtna.com\/de\/wp-content\/uploads\/sites\/3\/2017\/05\/S5_KOPALNICA-150x150.jpg 150w, https:\/\/www.kajtna.com\/de\/wp-content\/uploads\/sites\/3\/2017\/05\/S5_KOPALNICA-48x48.jpg 48w, https:\/\/www.kajtna.com\/de\/wp-content\/uploads\/sites\/3\/2017\/05\/S5_KOPALNICA-300x300.jpg 300w\" sizes=\"auto, (max-width: 150px) 100vw, 150px\" \/><\/a>\n\t\t\t\t<\/div><\/div><div class='gallery-item gallery-item-position-8 gallery-item-attachment-176'>\n\t\t\t\t<div class='gallery-icon portrait'>\n\t\t\t\t\t<a href='https:\/\/www.kajtna.com\/de\/wp-content\/uploads\/sites\/3\/2017\/05\/S6_WC.jpg' title='S6_WC' target='_self' rel=\"lightbox[7]\"><img loading=\"lazy\" decoding=\"async\" width=\"150\" height=\"150\" src=\"https:\/\/www.kajtna.com\/de\/wp-content\/uploads\/sites\/3\/2017\/05\/S6_WC-150x150.jpg\" class=\"attachment-thumbnail size-thumbnail\" alt=\"\" srcset=\"https:\/\/www.kajtna.com\/de\/wp-content\/uploads\/sites\/3\/2017\/05\/S6_WC-150x150.jpg 150w, https:\/\/www.kajtna.com\/de\/wp-content\/uploads\/sites\/3\/2017\/05\/S6_WC-48x48.jpg 48w, https:\/\/www.kajtna.com\/de\/wp-content\/uploads\/sites\/3\/2017\/05\/S6_WC-300x300.jpg 300w\" sizes=\"auto, (max-width: 150px) 100vw, 150px\" \/><\/a>\n\t\t\t\t<\/div><\/div><\/div>\n<\/div>\n<h2>Freie Termine<\/h2>\n<p><iframe loading=\"lazy\" id=\"iframebooking\" src=\"http:\/\/www.kajtna.com\/bookingdea1\" width=\"100%\" height=\"400\" scrolling=\"no\"><\/iframe><\/p>\n","protected":false},"excerpt":{"rendered":"<p>Das Apartment ist im mediterranen Stil renoviert und modern eingerichtet. Wegen der dicken Steinw\u00e4nde ist es im Sommer angenehm k\u00fchl. Das Apartment befindet sich in einer wundersch\u00f6nen und ruhigen Umgebung, unweit vom Meer und Ortszentrum. Es bietet Raum f\u00fcr einen angenehmen Aufenthalt von vier bis sechs Personen. Das Apartment befindet sich im Erdgeschoss eines renovierten &hellip; <a href=\"https:\/\/www.kajtna.com\/de\/apartment-1\/\" class=\"more-link\">Continue reading <span class=\"screen-reader-text\">Apartment 1<\/span> <span class=\"meta-nav\">&rarr;<\/span><\/a><\/p>\n","protected":false},"author":1,"featured_media":0,"parent":0,"menu_order":0,"comment_status":"closed","ping_status":"closed","template":"page-apartma1-de.php","meta":{"footnotes":""},"class_list":["post-7","page","type-page","status-publish","hentry"],"_links":{"self":[{"href":"https:\/\/www.kajtna.com\/de\/wp-json\/wp\/v2\/pages\/7","targetHints":{"allow":["GET"]}}],"collection":[{"href":"https:\/\/www.kajtna.com\/de\/wp-json\/wp\/v2\/pages"}],"about":[{"href":"https:\/\/www.kajtna.com\/de\/wp-json\/wp\/v2\/types\/page"}],"author":[{"embeddable":true,"href":"https:\/\/www.kajtna.com\/de\/wp-json\/wp\/v2\/users\/1"}],"replies":[{"embeddable":true,"href":"https:\/\/www.kajtna.com\/de\/wp-json\/wp\/v2\/comments?post=7"}],"version-history":[{"count":8,"href":"https:\/\/www.kajtna.com\/de\/wp-json\/wp\/v2\/pages\/7\/revisions"}],"predecessor-version":[{"id":198,"href":"https:\/\/www.kajtna.com\/de\/wp-json\/wp\/v2\/pages\/7\/revisions\/198"}],"wp:attachment":[{"href":"https:\/\/www.kajtna.com\/de\/wp-json\/wp\/v2\/media?parent=7"}],"curies":[{"name":"wp","href":"https:\/\/api.w.org\/{rel}","templated":true}]}}