{"id":11,"date":"2015-11-24T23:25:58","date_gmt":"2015-11-24T22:25:58","guid":{"rendered":"http:\/\/www.kajtna.com\/de\/?page_id=11"},"modified":"2017-05-02T13:13:35","modified_gmt":"2017-05-02T11:13:35","slug":"studio-apartment-1","status":"publish","type":"page","link":"https:\/\/www.kajtna.com\/de\/studio-apartment-1\/","title":{"rendered":"Studio apartment 1"},"content":{"rendered":"<p>Das Studio-Apartment befindet sich in einer wundersch\u00f6nen Umgebung, unweit vom Meer und Stadtzentrum. Dieses alleinstehende Steinh\u00e4uschen ist in mediterranem Stil erbaut und eingerichtet. Es bietet Raum f\u00fcr einen angenehmen Aufenthalt von bis zu vier Personen und verf\u00fcgt \u00fcber einen eigenen Eingang sowie eine Terrasse mit Grill.<\/p>\n<div class=\"wc-gallery\"><div id='gallery-1' data-gutter-width='5' data-columns='4' class='gallery wc-gallery-captions-onhover gallery-link-file gallery-masonry galleryid-11 gallery-columns-4 gallery-size-thumbnail wc-gallery-bottomspace-default wc-gallery-clear'><div class='gallery-item gallery-item-position-1 gallery-item-attachment-106'>\n\t\t\t\t<div class='gallery-icon portrait'>\n\t\t\t\t\t<a href='https:\/\/www.kajtna.com\/de\/wp-content\/uploads\/sites\/3\/2016\/02\/c1.jpg' title='c1' target='_self' rel=\"lightbox[11]\"><img loading=\"lazy\" decoding=\"async\" width=\"150\" height=\"150\" src=\"https:\/\/www.kajtna.com\/de\/wp-content\/uploads\/sites\/3\/2016\/02\/c1-150x150.jpg\" class=\"attachment-thumbnail size-thumbnail\" alt=\"\" srcset=\"https:\/\/www.kajtna.com\/de\/wp-content\/uploads\/sites\/3\/2016\/02\/c1-150x150.jpg 150w, https:\/\/www.kajtna.com\/de\/wp-content\/uploads\/sites\/3\/2016\/02\/c1-48x48.jpg 48w, https:\/\/www.kajtna.com\/de\/wp-content\/uploads\/sites\/3\/2016\/02\/c1-300x300.jpg 300w\" sizes=\"auto, (max-width: 150px) 100vw, 150px\" \/><\/a>\n\t\t\t\t<\/div><\/div><div class='gallery-item gallery-item-position-2 gallery-item-attachment-107'>\n\t\t\t\t<div class='gallery-icon portrait'>\n\t\t\t\t\t<a href='https:\/\/www.kajtna.com\/de\/wp-content\/uploads\/sites\/3\/2016\/02\/c2.jpg' title='c2' target='_self' rel=\"lightbox[11]\"><img loading=\"lazy\" decoding=\"async\" width=\"150\" height=\"150\" src=\"https:\/\/www.kajtna.com\/de\/wp-content\/uploads\/sites\/3\/2016\/02\/c2-150x150.jpg\" class=\"attachment-thumbnail size-thumbnail\" alt=\"\" srcset=\"https:\/\/www.kajtna.com\/de\/wp-content\/uploads\/sites\/3\/2016\/02\/c2-150x150.jpg 150w, https:\/\/www.kajtna.com\/de\/wp-content\/uploads\/sites\/3\/2016\/02\/c2-48x48.jpg 48w, https:\/\/www.kajtna.com\/de\/wp-content\/uploads\/sites\/3\/2016\/02\/c2-300x300.jpg 300w\" sizes=\"auto, (max-width: 150px) 100vw, 150px\" \/><\/a>\n\t\t\t\t<\/div><\/div><div class='gallery-item gallery-item-position-3 gallery-item-attachment-108'>\n\t\t\t\t<div class='gallery-icon portrait'>\n\t\t\t\t\t<a href='https:\/\/www.kajtna.com\/de\/wp-content\/uploads\/sites\/3\/2016\/02\/c3.jpg' title='c3' target='_self' rel=\"lightbox[11]\"><img loading=\"lazy\" decoding=\"async\" width=\"150\" height=\"150\" src=\"https:\/\/www.kajtna.com\/de\/wp-content\/uploads\/sites\/3\/2016\/02\/c3-150x150.jpg\" class=\"attachment-thumbnail size-thumbnail\" alt=\"\" srcset=\"https:\/\/www.kajtna.com\/de\/wp-content\/uploads\/sites\/3\/2016\/02\/c3-150x150.jpg 150w, https:\/\/www.kajtna.com\/de\/wp-content\/uploads\/sites\/3\/2016\/02\/c3-48x48.jpg 48w, https:\/\/www.kajtna.com\/de\/wp-content\/uploads\/sites\/3\/2016\/02\/c3-300x300.jpg 300w\" sizes=\"auto, (max-width: 150px) 100vw, 150px\" \/><\/a>\n\t\t\t\t<\/div><\/div><div class='gallery-item gallery-item-position-4 gallery-item-attachment-109'>\n\t\t\t\t<div class='gallery-icon portrait'>\n\t\t\t\t\t<a href='https:\/\/www.kajtna.com\/de\/wp-content\/uploads\/sites\/3\/2016\/02\/c4.jpg' title='c4' target='_self' rel=\"lightbox[11]\"><img loading=\"lazy\" decoding=\"async\" width=\"150\" height=\"150\" src=\"https:\/\/www.kajtna.com\/de\/wp-content\/uploads\/sites\/3\/2016\/02\/c4-150x150.jpg\" class=\"attachment-thumbnail size-thumbnail\" alt=\"\" srcset=\"https:\/\/www.kajtna.com\/de\/wp-content\/uploads\/sites\/3\/2016\/02\/c4-150x150.jpg 150w, https:\/\/www.kajtna.com\/de\/wp-content\/uploads\/sites\/3\/2016\/02\/c4-48x48.jpg 48w, https:\/\/www.kajtna.com\/de\/wp-content\/uploads\/sites\/3\/2016\/02\/c4-300x300.jpg 300w\" sizes=\"auto, (max-width: 150px) 100vw, 150px\" \/><\/a>\n\t\t\t\t<\/div><\/div><div class='gallery-item gallery-item-position-5 gallery-item-attachment-110'>\n\t\t\t\t<div class='gallery-icon portrait'>\n\t\t\t\t\t<a href='https:\/\/www.kajtna.com\/de\/wp-content\/uploads\/sites\/3\/2016\/02\/c5.jpg' title='c5' target='_self' rel=\"lightbox[11]\"><img loading=\"lazy\" decoding=\"async\" width=\"150\" height=\"150\" src=\"https:\/\/www.kajtna.com\/de\/wp-content\/uploads\/sites\/3\/2016\/02\/c5-150x150.jpg\" class=\"attachment-thumbnail size-thumbnail\" alt=\"\" srcset=\"https:\/\/www.kajtna.com\/de\/wp-content\/uploads\/sites\/3\/2016\/02\/c5-150x150.jpg 150w, https:\/\/www.kajtna.com\/de\/wp-content\/uploads\/sites\/3\/2016\/02\/c5-48x48.jpg 48w, https:\/\/www.kajtna.com\/de\/wp-content\/uploads\/sites\/3\/2016\/02\/c5-300x300.jpg 300w\" sizes=\"auto, (max-width: 150px) 100vw, 150px\" \/><\/a>\n\t\t\t\t<\/div><\/div><div class='gallery-item gallery-item-position-6 gallery-item-attachment-111'>\n\t\t\t\t<div class='gallery-icon portrait'>\n\t\t\t\t\t<a href='https:\/\/www.kajtna.com\/de\/wp-content\/uploads\/sites\/3\/2016\/02\/c6.jpg' title='c6' target='_self' rel=\"lightbox[11]\"><img loading=\"lazy\" decoding=\"async\" width=\"150\" height=\"150\" src=\"https:\/\/www.kajtna.com\/de\/wp-content\/uploads\/sites\/3\/2016\/02\/c6-150x150.jpg\" class=\"attachment-thumbnail size-thumbnail\" alt=\"\" srcset=\"https:\/\/www.kajtna.com\/de\/wp-content\/uploads\/sites\/3\/2016\/02\/c6-150x150.jpg 150w, https:\/\/www.kajtna.com\/de\/wp-content\/uploads\/sites\/3\/2016\/02\/c6-48x48.jpg 48w, https:\/\/www.kajtna.com\/de\/wp-content\/uploads\/sites\/3\/2016\/02\/c6-300x300.jpg 300w\" sizes=\"auto, (max-width: 150px) 100vw, 150px\" \/><\/a>\n\t\t\t\t<\/div><\/div><div class='gallery-item gallery-item-position-7 gallery-item-attachment-112'>\n\t\t\t\t<div class='gallery-icon portrait'>\n\t\t\t\t\t<a href='https:\/\/www.kajtna.com\/de\/wp-content\/uploads\/sites\/3\/2016\/02\/c7.jpg' title='c7' target='_self' rel=\"lightbox[11]\"><img loading=\"lazy\" decoding=\"async\" width=\"150\" height=\"150\" src=\"https:\/\/www.kajtna.com\/de\/wp-content\/uploads\/sites\/3\/2016\/02\/c7-150x150.jpg\" class=\"attachment-thumbnail size-thumbnail\" alt=\"\" srcset=\"https:\/\/www.kajtna.com\/de\/wp-content\/uploads\/sites\/3\/2016\/02\/c7-150x150.jpg 150w, https:\/\/www.kajtna.com\/de\/wp-content\/uploads\/sites\/3\/2016\/02\/c7-48x48.jpg 48w, https:\/\/www.kajtna.com\/de\/wp-content\/uploads\/sites\/3\/2016\/02\/c7-300x300.jpg 300w\" sizes=\"auto, (max-width: 150px) 100vw, 150px\" \/><\/a>\n\t\t\t\t<\/div><\/div><div class='gallery-item gallery-item-position-8 gallery-item-attachment-113'>\n\t\t\t\t<div class='gallery-icon portrait'>\n\t\t\t\t\t<a href='https:\/\/www.kajtna.com\/de\/wp-content\/uploads\/sites\/3\/2016\/02\/c8.jpg' title='c8' target='_self' rel=\"lightbox[11]\"><img loading=\"lazy\" decoding=\"async\" width=\"150\" height=\"150\" src=\"https:\/\/www.kajtna.com\/de\/wp-content\/uploads\/sites\/3\/2016\/02\/c8-150x150.jpg\" class=\"attachment-thumbnail size-thumbnail\" alt=\"\" srcset=\"https:\/\/www.kajtna.com\/de\/wp-content\/uploads\/sites\/3\/2016\/02\/c8-150x150.jpg 150w, https:\/\/www.kajtna.com\/de\/wp-content\/uploads\/sites\/3\/2016\/02\/c8-48x48.jpg 48w, https:\/\/www.kajtna.com\/de\/wp-content\/uploads\/sites\/3\/2016\/02\/c8-300x300.jpg 300w\" sizes=\"auto, (max-width: 150px) 100vw, 150px\" \/><\/a>\n\t\t\t\t<\/div><\/div><\/div>\n<\/div>\n<h2>Freie Termine<\/h2>\n<p><iframe loading=\"lazy\" id=\"iframebooking\" src=\"http:\/\/www.kajtna.com\/bookingdesa1\" width=\"100%\" height=\"400\" scrolling=\"no\"><\/iframe><\/p>\n","protected":false},"excerpt":{"rendered":"<p>Das Studio-Apartment befindet sich in einer wundersch\u00f6nen Umgebung, unweit vom Meer und Stadtzentrum. Dieses alleinstehende Steinh\u00e4uschen ist in mediterranem Stil erbaut und eingerichtet. Es bietet Raum f\u00fcr einen angenehmen Aufenthalt von bis zu vier Personen und verf\u00fcgt \u00fcber einen eigenen Eingang sowie eine Terrasse mit Grill. Freie Termine<\/p>\n","protected":false},"author":1,"featured_media":0,"parent":0,"menu_order":0,"comment_status":"closed","ping_status":"closed","template":"page-apartma3-de.php","meta":{"footnotes":""},"class_list":["post-11","page","type-page","status-publish","hentry"],"_links":{"self":[{"href":"https:\/\/www.kajtna.com\/de\/wp-json\/wp\/v2\/pages\/11","targetHints":{"allow":["GET"]}}],"collection":[{"href":"https:\/\/www.kajtna.com\/de\/wp-json\/wp\/v2\/pages"}],"about":[{"href":"https:\/\/www.kajtna.com\/de\/wp-json\/wp\/v2\/types\/page"}],"author":[{"embeddable":true,"href":"https:\/\/www.kajtna.com\/de\/wp-json\/wp\/v2\/users\/1"}],"replies":[{"embeddable":true,"href":"https:\/\/www.kajtna.com\/de\/wp-json\/wp\/v2\/comments?post=11"}],"version-history":[{"count":8,"href":"https:\/\/www.kajtna.com\/de\/wp-json\/wp\/v2\/pages\/11\/revisions"}],"predecessor-version":[{"id":206,"href":"https:\/\/www.kajtna.com\/de\/wp-json\/wp\/v2\/pages\/11\/revisions\/206"}],"wp:attachment":[{"href":"https:\/\/www.kajtna.com\/de\/wp-json\/wp\/v2\/media?parent=11"}],"curies":[{"name":"wp","href":"https:\/\/api.w.org\/{rel}","templated":true}]}}